{"id":11410,"date":"2016-12-05T16:27:32","date_gmt":"2016-12-05T16:27:32","guid":{"rendered":"https:\/\/landscaping.vamtam.com\/?page_id=11410"},"modified":"2025-05-11T19:55:25","modified_gmt":"2025-05-11T19:55:25","slug":"about","status":"publish","type":"page","link":"https:\/\/v2.ogrodymai.pl\/index.php\/about\/","title":{"rendered":"O nas"},"content":{"rendered":"<div class=\"vgblk-rw-wrapper limit-wrapper\"><h2>Firma Ogrody Mai, oferuje pe\u0142en zakres us\u0142ug ogrodniczych opartych na potrzebach klienta.<\/h2>\n\t<h4>Realizujemy pe\u0142en zakres us\u0142ug ogrodniczych: projektujemy ogrody i przestrze\u0144 publiczn\u0105, zak\u0142adamy ogrody od podstaw jak\u00a0 r\u00f3wnie\u017c przeprowadzamy metamorfozy ogrod\u00f3w ju\u017c istniej\u0105cych. Serwisujemy i opiekujemy si\u0119 ogrodami.\u00a0 \u00a0 Projektujemy nawadnianie ogrodu oparte na ekologicznym i ekonomicznym pozyskiwaniu i magazynowaniu wody. Tworzymy iluminacje ogrodowe specjalnie dopasowane do za\u0142o\u017ce\u0144 ogrodowych z poszanowaniem nocnego nieba. Montujemy kosiarki autonomiczne, aby utrzymanie ogrodu by\u0142o prostsze i przyjemniejsze.<\/h4>\n\n\t\t\t400+\n\t\t\t\t\t\t\tHappy Clients\n\t<p>Rozumiemy, jak trudno jest wyobrazi\u0107 sobie jak Wasz ogr\u00f3d mo\u017ce wyglada\u0107, dlatego realizujemy koncepcje i projkety w 3D.\u00a0 Nasz\u0105 rol\u0105 jest pomaga\u0107 realizowa\u0107 Wasze marzenia.<\/p>\n\t\t\t40,000+ yd\n\t\t\t\t\t\t\tGrass\n\t<p>Trawnik czy to w formie angielskiej czy w postaci \u0142\u0105ki kwietnej wymaga uwagi i czasu oraz odpowiednio dobranych zabieg\u00f3w piel\u0119gnacyjnych. Dobierzemy je i ustalimy kalendarz zabieg\u00f3w dostosowanych do potrzeb.<\/p>\n\t\t\t7,950+\n\t\t\t\t\t\t\tPlantings\n\t<p>Ogr\u00f3d bez ro\u015blin nie istnieje, a my znamy lokalny rynek i mamy sprawdzone szk\u00f3\u0142ki ro\u015blin ze zdrowymi i pi\u0119knymi ro\u015blinami. Piekne i zdrowe ro\u015bliny to podstawa udanego ogrodu.<\/p>\n\t\t\t\t<a href=\"\/gardens\/\" target=\"_self\" itemprop=\"url\" title=\"pic1\">\n\t\t\t\t\t\t\t<img loading=\"lazy\" decoding=\"async\" src=\"https:\/\/v2.ogrodymai.pl\/wp-content\/uploads\/2016\/12\/pic1-4.jpg\" alt=\"pic1\" itemprop=\"image\" height=\"460\" width=\"400\" data-link-type=\"url\" title=\"pic1\" onerror=\"this.style.display='none'\"  sizes=\"auto, (max-width: 768px) 100vw, 100vw\" srcset=\"https:\/\/v2.ogrodymai.pl\/wp-content\/uploads\/2016\/12\/pic1-4.jpg 400w, https:\/\/v2.ogrodymai.pl\/wp-content\/uploads\/2016\/12\/pic1-4-261x300.jpg 261w, https:\/\/v2.ogrodymai.pl\/wp-content\/uploads\/2016\/12\/pic1-4-315x362.jpg 315w\" \/>\t\t\t\t\t\t<\/a>\n<h3>\n\t\t\t<a href=\"\/gardens\/\" title=\"Ogrody Przydomowe\" target=\"_self\">\n\tOgrody Przydomowe\n\t\t\t<\/a>\n\t<\/h3>\n\t\t\t\t<a href=\"\/urban\/\" target=\"_self\" itemprop=\"url\" title=\"pic2\">\n\t\t\t\t\t\t\t<img loading=\"lazy\" decoding=\"async\" src=\"https:\/\/v2.ogrodymai.pl\/wp-content\/uploads\/2016\/12\/pic2-5.jpg\" alt=\"pic2\" itemprop=\"image\" height=\"460\" width=\"400\" data-link-type=\"url\" title=\"pic2\" onerror=\"this.style.display='none'\"  sizes=\"auto, (max-width: 768px) 100vw, 100vw\" srcset=\"https:\/\/v2.ogrodymai.pl\/wp-content\/uploads\/2016\/12\/pic2-5.jpg 400w, https:\/\/v2.ogrodymai.pl\/wp-content\/uploads\/2016\/12\/pic2-5-261x300.jpg 261w, https:\/\/v2.ogrodymai.pl\/wp-content\/uploads\/2016\/12\/pic2-5-315x362.jpg 315w\" \/>\t\t\t\t\t\t<\/a>\n<h3>\n\t\t\t<a href=\"\/urban\/\" title=\"Kszta\u0142towanie Przestrzeni\" target=\"_self\">\n\tKszta\u0142towanie Przestrzeni\n\t\t\t<\/a>\n\t<\/h3>\n\t\t\t\t<a href=\"\/maintenance\/\" target=\"_self\" itemprop=\"url\" title=\"pic3\">\n\t\t\t\t\t\t\t<img loading=\"lazy\" decoding=\"async\" src=\"https:\/\/v2.ogrodymai.pl\/wp-content\/uploads\/2016\/12\/pic3-3.jpg\" alt=\"pic3\" itemprop=\"image\" height=\"460\" width=\"400\" data-link-type=\"url\" title=\"pic3\" onerror=\"this.style.display='none'\"  sizes=\"auto, (max-width: 768px) 100vw, 100vw\" srcset=\"https:\/\/v2.ogrodymai.pl\/wp-content\/uploads\/2016\/12\/pic3-3.jpg 400w, https:\/\/v2.ogrodymai.pl\/wp-content\/uploads\/2016\/12\/pic3-3-261x300.jpg 261w, https:\/\/v2.ogrodymai.pl\/wp-content\/uploads\/2016\/12\/pic3-3-315x362.jpg 315w\" \/>\t\t\t\t\t\t<\/a>\n<h3>\n\t\t\t<a href=\"\/maintenance\/\" title=\"Serwis\" target=\"_self\">\n\tSerwis\n\t\t\t<\/a>\n\t<\/h3>\n\t\t\t\t<a href=\"\/events\/\" target=\"_self\" itemprop=\"url\" title=\"pic4\">\n\t\t\t\t\t\t\t<img loading=\"lazy\" decoding=\"async\" src=\"https:\/\/v2.ogrodymai.pl\/wp-content\/uploads\/2016\/12\/pic4-2.jpg\" alt=\"pic4\" itemprop=\"image\" height=\"460\" width=\"400\" data-link-type=\"url\" title=\"pic4\" onerror=\"this.style.display='none'\"  sizes=\"auto, (max-width: 768px) 100vw, 100vw\" srcset=\"https:\/\/v2.ogrodymai.pl\/wp-content\/uploads\/2016\/12\/pic4-2.jpg 400w, https:\/\/v2.ogrodymai.pl\/wp-content\/uploads\/2016\/12\/pic4-2-261x300.jpg 261w, https:\/\/v2.ogrodymai.pl\/wp-content\/uploads\/2016\/12\/pic4-2-315x362.jpg 315w\" \/>\t\t\t\t\t\t<\/a>\n<h3>\n\t\t\t<a href=\"\/events\/\" title=\"Events\" target=\"_self\">\n\tEvents\n\t\t\t<\/a>\n\t<\/h3>\n<h5>\n\tZrobimy wszystko, co w naszej ogrodniczej mocy!\n\t<\/h5>\n\t<a href=\"\/services\/\" target=\"_self\" role=\"button\">\n\t\t\t\t\tView all service\n\t<\/a>\n\t<ul>\n<li>Pe\u0142en projekt ogrodu<\/li>\n<li>Widoki 3D<\/li>\n<li>In\u017cynieria ogrodowa<\/li>\n<\/ul>\n\t<ul>\n<li>Ma\u0142a architektura<\/li>\n<li>Zarz\u0105dzanie wod\u0105 deszczow\u0105<\/li>\n<li>\nDoradztwo i serwis ogrodniczy\n<\/li>\n<\/ul>\n\t<ul>\n<li>Projekty nawadniania<\/li>\n<li>O\u015bwietlenie ogrodu<\/li>\n<li>\nRoboty kosz\u0105ce- Automowery\n<\/li>\n<\/ul>\n<h4>\n\tKonsultacje Projektowe\n\t<\/h4>\n\t<p>Pierwszym krokiem na drodze projektowania jest spotkanie\u00a0 i rozmowa w ogrodzie. Tu wsp\u00f3lnie analizujemy Wasze potrzeby, okre\u015blamy charakter ogrodu oraz poznajemy Wasze ogrodnicze marzenia.<\/p>\n<h4>\n\tProjekt ogrodu\n\t<\/h4>\n\t<p>Kolejnym krokiem jest koncepcja ogrodowa. Po jej akceptacji powstaje kolorowy projekt ogrodu. Jest to rzut ogrodu u\u0142atwiaj\u0105cy wyobra\u017cenie w jaki spos\u00f3b zaplanowali\u015bmy Wasz\u0105 przestrze\u0144. W tym momencie mo\u017cemy podejrze\u0107 nasz ogr\u00f3d na widokach 3D.\u00a0 Nast\u0119pnie dla cel\u00f3w realizacyjnych tworzymy projekt techniczny, kt\u00f3ry zawiera szczeg\u00f3\u0142owe rozmieszczenie ro\u015blin, wykaz ro\u015blin i zabieg\u00f3w piel\u0119gnacyjnych oraz kosztorys .<\/p>\n<h4>\n\tRealizacja\n\t<\/h4>\n\t<p>Kiedy widzimy zadowolenie i u\u015bmiech klienta z wykonanego projektu mo\u017cemy bra\u0107 si\u0119 do realizacji i zacz\u0105\u0107 budowa\u0107 nowy wymarzony ogr\u00f3d.<\/p>\n<h2>\n\tDla czego my?\n\t<\/h2>\n\t<p>The Gardeny is a full-service grounds care company. Our established systems allow us to deliver industry-leading lawn care and landscape solutions to commercial and residential clients. Built on a family tradition of caring, we are driven by a passion to exceed customer expectations and consistently deliver client satisfaction.<\/p>\n<h2>\n\tOur mission.\n\t<\/h2>\n\t<p>Our aim is to reflect as closely as possible the styling, decoration and colour palette of the client&#8217;s home so that there is a strong visual relationship between the inside and outside spaces.We regularly work closely with architects and interior designers to ensure that this is achieved.<\/p>\n<h2>\n\tBring nature in your home.\n\t<\/h2>\n<h4>\n\tWe don&#8217;t cut corners to maximize our profit.\n\t<\/h4>\n\tNotice: JavaScript is required for this content.\n        <!-- That data is being printed as a workaround to page builders reordering the order of the scripts loaded--><\/div><!-- .vgblk-rw-wrapper -->","protected":false},"excerpt":{"rendered":"<p>Firma Ogrody Mai, oferuje pe\u0142en zakres us\u0142ug ogrodniczych opartych na potrzebach klienta. Realizujemy pe\u0142en zakres us\u0142ug ogrodniczych: projektujemy ogrody i przestrze\u0144 publiczn\u0105, zak\u0142adamy ogrody od podstaw jak\u00a0 r\u00f3wnie\u017c przeprowadzamy metamorfozy&#8230;<\/p>\n","protected":false},"author":1,"featured_media":0,"parent":0,"menu_order":0,"comment_status":"closed","ping_status":"closed","template":"","meta":{"footnotes":""},"class_list":["post-11410","page","type-page","status-publish","hentry"],"_links":{"self":[{"href":"https:\/\/v2.ogrodymai.pl\/index.php\/wp-json\/wp\/v2\/pages\/11410","targetHints":{"allow":["GET"]}}],"collection":[{"href":"https:\/\/v2.ogrodymai.pl\/index.php\/wp-json\/wp\/v2\/pages"}],"about":[{"href":"https:\/\/v2.ogrodymai.pl\/index.php\/wp-json\/wp\/v2\/types\/page"}],"author":[{"embeddable":true,"href":"https:\/\/v2.ogrodymai.pl\/index.php\/wp-json\/wp\/v2\/users\/1"}],"replies":[{"embeddable":true,"href":"https:\/\/v2.ogrodymai.pl\/index.php\/wp-json\/wp\/v2\/comments?post=11410"}],"version-history":[{"count":8,"href":"https:\/\/v2.ogrodymai.pl\/index.php\/wp-json\/wp\/v2\/pages\/11410\/revisions"}],"predecessor-version":[{"id":987705,"href":"https:\/\/v2.ogrodymai.pl\/index.php\/wp-json\/wp\/v2\/pages\/11410\/revisions\/987705"}],"wp:attachment":[{"href":"https:\/\/v2.ogrodymai.pl\/index.php\/wp-json\/wp\/v2\/media?parent=11410"}],"curies":[{"name":"wp","href":"https:\/\/api.w.org\/{rel}","templated":true}]}}