{"id":13400,"date":"2017-07-14T10:28:00","date_gmt":"2017-07-14T10:28:00","guid":{"rendered":"https:\/\/landscaping.vamtam.com\/?page_id=13400"},"modified":"2025-05-11T19:27:10","modified_gmt":"2025-05-11T19:27:10","slug":"home-modern","status":"publish","type":"page","link":"https:\/\/v2.ogrodymai.pl\/","title":{"rendered":"Home &#8211; Modern"},"content":{"rendered":"<div class=\"vgblk-rw-wrapper limit-wrapper\"><h5>\n\tZobacz co mo\u017cemy dla Ciebie zrobi\u0107\n\t<\/h5>\n\t<p>Projektowanie\u00a0 Koncepcje Doradztwo Modelowanie 3D<\/p>\n\t<p>Realizacje\u00a0 Nawadnianie O\u015bwietlenie Wycinka drzew Roboty kosz\u0105ce<\/p>\n\t<a href=\"\/services\/\" target=\"_self\" role=\"button\">\n\t\t\t\t\tZabacz wiecej\n\t<\/a>\n<h2>\n\tCzym si\u0119 zajmujemy.\n\t<\/h2>\n<h4>\n\t\t\t<a href=\"\/gardens\/\" title=\"Ogrody Przydomowe\" target=\"_self\">\n\tOgrody Przydomowe\n\t\t\t<\/a>\n\t<\/h4>\n<h4>\n\t\t\t<a href=\"\/urban\/\" title=\"Kszta\u0142towanie Przestrzeni\" target=\"_self\">\n\tKszta\u0142towanie Przestrzeni\n\t\t\t<\/a>\n\t<\/h4>\n<h4>\n\t\t\t<a href=\"\/services\/events-decoration\/\" title=\"Kompozycja\" target=\"_self\">\n\tKompozycja\n\t\t\t<\/a>\n\t<\/h4>\n<h4>\n\t\t\t<a href=\"\/maintenance\/\" title=\"Serwis\" target=\"_self\">\n\tSerwis\n\t\t\t<\/a>\n\t<\/h4>\n<h4>\n\tZapro\u015b nas do swojego ogrodu.\n\t<\/h4>\n<h3>\n\tPorozmawiajmy o Waszych ogrodowych marzeniach\n\t<\/h3>\n\tNotice: JavaScript is required for this content.\n        <!-- That data is being printed as a workaround to page builders reordering the order of the scripts loaded-->\n\t\t\t\t\t\t\t<img loading=\"lazy\" decoding=\"async\" src=\"https:\/\/v2.ogrodymai.pl\/wp-content\/uploads\/2017\/07\/Pic1.jpg\" alt=\"Pic1\" itemprop=\"image\" height=\"900\" width=\"650\" title=\"Pic1\" onerror=\"this.style.display='none'\"  sizes=\"auto, (max-width: 768px) 100vw, 100vw\" srcset=\"https:\/\/v2.ogrodymai.pl\/wp-content\/uploads\/2017\/07\/Pic1.jpg 650w, https:\/\/v2.ogrodymai.pl\/wp-content\/uploads\/2017\/07\/Pic1-217x300.jpg 217w, https:\/\/v2.ogrodymai.pl\/wp-content\/uploads\/2017\/07\/Pic1-630x872.jpg 630w, https:\/\/v2.ogrodymai.pl\/wp-content\/uploads\/2017\/07\/Pic1-420x582.jpg 420w, https:\/\/v2.ogrodymai.pl\/wp-content\/uploads\/2017\/07\/Pic1-315x436.jpg 315w\" \/>\t\t\t\t\t\t\t\n<h3>\n\tPracujemy dla prywatnych inwestor\u00f3w jak i dla du\u017cych firm.\n\t<\/h3>\n\t<p>Sprawd\u017a co robili\u015bmy i jak o nas pisz\u0105 nasi inwestorzy. Przeczytaj opinie o nas i o naszych realizacjach.<\/p>\n\t\t\t\t\t\t\t<img decoding=\"async\" src=\"https:\/\/landscaping.vamtam.com\/wp-content\/uploads\/2017\/07\/pixeden-logo-envato.svg\" alt=\"pixeden-logo-envato\" itemprop=\"image\" height=\"\" width=\"\" title=\"pixeden-logo-envato\" onerror=\"this.style.display='none'\"  \/>\n\t\t\t\t\t\t\t<img decoding=\"async\" src=\"https:\/\/landscaping.vamtam.com\/wp-content\/uploads\/2017\/07\/envato-logo.svg\" alt=\"envato-logo\" itemprop=\"image\" height=\"\" width=\"\" title=\"envato-logo\" onerror=\"this.style.display='none'\"  \/>\n\t\t\t\t\t\t\t<img decoding=\"async\" src=\"https:\/\/landscaping.vamtam.com\/wp-content\/uploads\/2017\/07\/appstorm-logo-envato.svg\" alt=\"appstorm-logo-envato\" itemprop=\"image\" height=\"\" width=\"\" title=\"appstorm-logo-envato\" onerror=\"this.style.display='none'\"  \/>\n<h4>\n\tOgr\u00f3d to nasza pasja.\n\t<\/h4>\n<h4>\n\tRealizacje\n\t<\/h4>\n\t<a href=\"\/case-studies\/\" target=\"_self\" role=\"button\">\n\t\t\t\t\tPortfolio\n\t<\/a>\n<h4>\n\tCraftsmanship.\n\t<\/h4>\n<h4>\n\tIstniejemy od 2009 roku\n\t<\/h4>\n\t<p>Nazywam si\u0119 Maja Przytulska i ro\u015bliny wros\u0142y w moj\u0105 dusz\u0119 tysi\u0105cem korzeni.<\/p>\n<p>Mi\u0142o\u015bci\u0105 do ro\u015blin zarazili mnie moi rodzice. Mama- prawdziwa ogrodniczka, kt\u00f3ra posiada pi\u0119kn\u0105 kolekcje ro\u015blin i sw\u00f3j wymarzony ogr\u00f3d. Tata &#8211; le\u015bnik z zami\u0142owania i wykszta\u0142cenia, maj\u0105cy sw\u00f3j ma\u0142y udzia\u0142 w ogrodzie mamy.<\/p>\n<p>Sta\u0142o si\u0119 i wros\u0142am w ten \u015bwiat ogrod\u00f3w, naby\u0142am wiedze na SGGW w Warszawie i wr\u00f3cilam w Bieszczady &#8211; bo tu zawsze by\u0142o mi najlepiej. Moje ogrody maj\u0105 bieszczadzk\u0105 dusz\u0119, dziko\u015b\u0107 i zapach kwiat\u00f3w oraz\u00a0 domieszk\u0119 traw smaganych wiatrem.<\/p>\n<p>Projektowanie ogrodu to kreatywny proces, gdzie du\u017cym szacunkiem podchodzimy do wymaga\u0144 i potrzeb klienta. Projektowanie przestrzeni to badanie potrzeb klienta i po\u0142\u0105cznie go z Bieszczadkim krajobrazem i klimatem. landscape design from\u00a0 Firma Ogrody Mai stara si\u0119 po\u0142\u0105czy\u0107 najlepsze praktyki ogrodnicze, potrzeby p\u0142yn\u0105ce z serca ogrodu i Wasze marzenia\u00a0 tak aby wykreowa\u0107 najlepsze miejsce na ziemi specjalnie dla Was.<\/p>\n\t<p>No leaf blowers<\/p>\n\t<p>No lawn mowers<\/p>\n\t<p>Nie u\u017cywamy pestycyd\u00f3w<\/p>\n\t<p>Nie marnujemy wody<\/p><\/div><!-- .vgblk-rw-wrapper -->","protected":false},"excerpt":{"rendered":"<p>Zobacz co mo\u017cemy dla Ciebie zrobi\u0107 Projektowanie\u00a0 Koncepcje Doradztwo Modelowanie 3D Realizacje\u00a0 Nawadnianie O\u015bwietlenie Wycinka drzew Roboty kosz\u0105ce Zabacz wiecej Czym si\u0119 zajmujemy. Ogrody Przydomowe Kszta\u0142towanie Przestrzeni Kompozycja Serwis Zapro\u015b&#8230;<\/p>\n","protected":false},"author":1,"featured_media":0,"parent":11419,"menu_order":0,"comment_status":"closed","ping_status":"closed","template":"","meta":{"footnotes":""},"class_list":["post-13400","page","type-page","status-publish","hentry"],"_links":{"self":[{"href":"https:\/\/v2.ogrodymai.pl\/index.php\/wp-json\/wp\/v2\/pages\/13400","targetHints":{"allow":["GET"]}}],"collection":[{"href":"https:\/\/v2.ogrodymai.pl\/index.php\/wp-json\/wp\/v2\/pages"}],"about":[{"href":"https:\/\/v2.ogrodymai.pl\/index.php\/wp-json\/wp\/v2\/types\/page"}],"author":[{"embeddable":true,"href":"https:\/\/v2.ogrodymai.pl\/index.php\/wp-json\/wp\/v2\/users\/1"}],"replies":[{"embeddable":true,"href":"https:\/\/v2.ogrodymai.pl\/index.php\/wp-json\/wp\/v2\/comments?post=13400"}],"version-history":[{"count":6,"href":"https:\/\/v2.ogrodymai.pl\/index.php\/wp-json\/wp\/v2\/pages\/13400\/revisions"}],"predecessor-version":[{"id":987702,"href":"https:\/\/v2.ogrodymai.pl\/index.php\/wp-json\/wp\/v2\/pages\/13400\/revisions\/987702"}],"up":[{"embeddable":true,"href":"https:\/\/v2.ogrodymai.pl\/index.php\/wp-json\/wp\/v2\/pages\/11419"}],"wp:attachment":[{"href":"https:\/\/v2.ogrodymai.pl\/index.php\/wp-json\/wp\/v2\/media?parent=13400"}],"curies":[{"name":"wp","href":"https:\/\/api.w.org\/{rel}","templated":true}]}}